{"id":446,"date":"2022-04-15T09:10:10","date_gmt":"2022-04-15T07:10:10","guid":{"rendered":"http:\/\/www.hovawart-vom-wackerbarth.de\/hovawart\/?page_id=446"},"modified":"2022-06-19T15:57:59","modified_gmt":"2022-06-19T13:57:59","slug":"446-2","status":"publish","type":"page","link":"https:\/\/www.hovawart-vom-wackerbarth.de\/hovawart\/index.php\/446-2\/","title":{"rendered":"Alaska"},"content":{"rendered":"<p>&nbsp;<\/p>\n<p>&nbsp;<\/p>\n<h3 style=\"text-align: center;\"><span style=\"color: #ffcc00;\">\u00a0<span style=\"color: #ff6600;\"> <strong>5. Juni 2014 &#8211; Abschied von Alaska <\/strong>\u00a0<\/span><\/span><\/h3>\n<p style=\"text-align: center;\"><span style=\"color: #ff6600;\">Es weht der Wind ein Blatt vom Baum,\u00a0von vielen Bl\u00e4ttern eines.<\/span><\/p>\n<p style=\"text-align: center;\"><span style=\"color: #ff6600;\">Das eine Blatt &#8211; man merkt es kaum, denn eines ist ja keines.<\/span><\/p>\n<p style=\"text-align: center;\"><span style=\"color: #ff6600;\">Doch dieses eine Blatt allein war Teil von unserem Leben.<\/span><\/p>\n<p style=\"text-align: center;\"><span style=\"color: #ff6600;\">Drum wird dieses eine Blatt allein uns immer wieder fehlen.<\/span><\/p>\n<p style=\"text-align: center;\"><span style=\"color: #ff6600;\">(Autor unbekannt)<\/span><\/p>\n<p style=\"text-align: center;\">Alaska hat uns am 5. Juni 2014 leider f\u00fcr immer verlassen.<\/p>\n<p style=\"text-align: center;\">Ganz friedlich und ruhig ist sie im Alter von 14 Jahren und fast 7 Monaten von uns gegangen.<\/p>\n<p style=\"text-align: center;\">Alaska\u00a0&#8211; eine so tolle, gro\u00dfartige H\u00fcndin, die Sch\u00f6nheit und Leistung in sich vereinte.<\/p>\n<p style=\"text-align: center;\">Sie war super erfolgreich bei Ausstellungen und auch im Leistungsbereich konnte sie \u00fcberzeugen.<\/p>\n<p style=\"text-align: center;\">Der Verlust schmerzt, doch die Erinnerungen, die sich mit Alaska verbinden,<\/p>\n<p style=\"text-align: center;\">die vielen gemeinsamen Erlebnisse und Erfolge lassen ein leises L\u00e4cheln ins Gesicht zaubern.<\/p>\n<p style=\"text-align: center;\">Ich w\u00fcnsche Dir Alaska, dass Du, wo Du jetzt bist, wieder fr\u00f6hlich und lebenslustig bist!<\/p>\n<p style=\"text-align: center;\">Du hast ihn verdient &#8211; den besonderen Platz hinter der Regenbogenbr\u00fccke &#8211; und in unseren Herzen!<\/p>\n<p style=\"text-align: center;\">Alaska &#8211; Du lebst in Deinen Kindern und Enkelkindern weiter. Deine Enkelin Emmi-Lou ist Dir in so vielen Dingen so \u00e4hnlich! Wie oft haben wir schon gesagt &#8222;&#8230;genau wie Alaska!&#8230;&#8220;<\/p>\n<p style=\"text-align: center;\">Danke, dass Du bei uns warst! Mach&#8216; s gut mein gro\u00dfes M\u00e4dchen, Du bleibst in unseren Herzen &#8211; bis wir uns wiedersehn&#8230;<\/p>\n<p style=\"text-align: center;\"><img loading=\"lazy\" decoding=\"async\" class=\"rita-lightbox\" src=\"http:\/\/www.hovawart-vom-wackerbarth.de\/images\/Alaska_1.jpg\" alt=\"\" width=\"416\" height=\"432\" \/><\/p>\n<p style=\"text-align: center;\">Alaska \u00a0von Wackerbarth<\/p>\n<p style=\"text-align: center;\">23. November 1999 &#8211; 5. Juni 2014<\/p>\n<p style=\"text-align: center;\">Vater: Asaro vom Demeter Tal (BH, VPG1-3, FH1)<\/p>\n<p style=\"text-align: center;\">Mutter: Eliza vom blonden Stern (BH, AD, WH, FH1, FH2, VPG1)<\/p>\n<p style=\"text-align: center;\">Alaska Pr\u00fcfungserfolge: BH, AD IPO3, VPG3, FH1, FH2<\/p>\n<p style=\"text-align: center;\">Alaskas Ausstellungserfolge: Dt. \/ Dt. Champion, Europasiegerin 2002, Clubsiegerin 2002<\/p>\n<p style=\"text-align: center;\"><img loading=\"lazy\" decoding=\"async\" class=\"rita-lightbox\" src=\"http:\/\/www.hovawart-vom-wackerbarth.de\/images\/Alaska%20v.%20Wackerbarth.jpg\" alt=\"\" width=\"539\" height=\"404\" \/><\/p>\n<p style=\"text-align: center;\">\u00a0Alaska &#8211; ebenfalls wie ihre Mutter Eliza eine sehr typvolle Hovawarth\u00fcndin.<\/p>\n<p style=\"text-align: center;\">In jungen Jahren ein Energieb\u00fcndel &#8211; zusammen mit ihrem Onkel waren die Beiden ein &#8222;unschlagbares&#8220; Duo in unserem damaligen 4-er Rudel.<\/p>\n<p style=\"text-align: center;\">Mittlerweile im reiferen Alter genie\u00dft sie die Pr\u00e4senz im Garten und strahlt zunehmend mehr Ruhe und Gelassenheit aus.<\/p>\n<p style=\"text-align: center;\">Alaska ist die Mutter unseres B- und C-Wurfes mit insgesamt 19 Nachkommen, von denen 3 H\u00fcndinnen und 4 R\u00fcden in der Zucht sind.<\/p>\n<p style=\"text-align: center;\"><img loading=\"lazy\" decoding=\"async\" class=\"rita-lightbox\" src=\"http:\/\/www.hovawart-vom-wackerbarth.de\/images\/alaska_lieblingsplatz.jpg\" alt=\"\" width=\"480\" height=\"391\" \/><\/p>\n<p style=\"text-align: center;\">Aus einem Zuchtschau-Richterbericht:<\/p>\n<p style=\"text-align: center;\">Eine reichlich mittelgro\u00dfe kr\u00e4ftige H\u00fcndin von derben Typ. Kr\u00e4ftiger Kopf mit komplettem Scherengebiss, mittelbraunen Augen, sowie etwas hinten angesetzten aber korrekt getragenen Ohren. Oberlinie und Rute in Ordnung, im Stand in Vor- und Hinterhand korrekt gestellt und gewinkelt. In der Kreisbewegung sehr sch\u00f6ner fl\u00fcssiger und harmonischer Bewegungsablauf. Haarkleid von sehr sch\u00f6ner L\u00e4nge und Struktur, mittelblond mit standardgerechten Aufhellungen. H\u00fcndin zeigt sich von sicherem und souver\u00e4nem Wesen.<\/p>\n","protected":false},"excerpt":{"rendered":"<p>&nbsp; &nbsp; \u00a0 5. Juni 2014 &#8211; Abschied von Alaska \u00a0 Es weht der Wind ein Blatt vom Baum,\u00a0von vielen Bl\u00e4ttern eines. Das eine Blatt &#8211; man merkt es kaum, denn eines ist ja keines. Doch dieses eine Blatt allein war Teil von unserem Leben. Drum wird dieses eine Blatt allein uns immer wieder fehlen. &hellip; <a href=\"https:\/\/www.hovawart-vom-wackerbarth.de\/hovawart\/index.php\/446-2\/\" class=\"more-link\"><span class=\"screen-reader-text\">\u201eAlaska\u201c<\/span> weiterlesen<\/a><\/p>\n","protected":false},"author":2,"featured_media":0,"parent":0,"menu_order":0,"comment_status":"closed","ping_status":"closed","template":"","meta":{"footnotes":""},"class_list":["post-446","page","type-page","status-publish","hentry"],"_links":{"self":[{"href":"https:\/\/www.hovawart-vom-wackerbarth.de\/hovawart\/index.php\/wp-json\/wp\/v2\/pages\/446","targetHints":{"allow":["GET"]}}],"collection":[{"href":"https:\/\/www.hovawart-vom-wackerbarth.de\/hovawart\/index.php\/wp-json\/wp\/v2\/pages"}],"about":[{"href":"https:\/\/www.hovawart-vom-wackerbarth.de\/hovawart\/index.php\/wp-json\/wp\/v2\/types\/page"}],"author":[{"embeddable":true,"href":"https:\/\/www.hovawart-vom-wackerbarth.de\/hovawart\/index.php\/wp-json\/wp\/v2\/users\/2"}],"replies":[{"embeddable":true,"href":"https:\/\/www.hovawart-vom-wackerbarth.de\/hovawart\/index.php\/wp-json\/wp\/v2\/comments?post=446"}],"version-history":[{"count":2,"href":"https:\/\/www.hovawart-vom-wackerbarth.de\/hovawart\/index.php\/wp-json\/wp\/v2\/pages\/446\/revisions"}],"predecessor-version":[{"id":449,"href":"https:\/\/www.hovawart-vom-wackerbarth.de\/hovawart\/index.php\/wp-json\/wp\/v2\/pages\/446\/revisions\/449"}],"wp:attachment":[{"href":"https:\/\/www.hovawart-vom-wackerbarth.de\/hovawart\/index.php\/wp-json\/wp\/v2\/media?parent=446"}],"curies":[{"name":"wp","href":"https:\/\/api.w.org\/{rel}","templated":true}]}}