{"id":426,"date":"2022-04-04T15:31:17","date_gmt":"2022-04-04T13:31:17","guid":{"rendered":"http:\/\/www.hovawart-vom-wackerbarth.de\/hovawart\/?page_id=426"},"modified":"2022-04-04T15:31:17","modified_gmt":"2022-04-04T13:31:17","slug":"abschied-und-neubeginn-fuer-die-welpen","status":"publish","type":"page","link":"https:\/\/www.hovawart-vom-wackerbarth.de\/hovawart\/index.php\/abschied-und-neubeginn-fuer-die-welpen\/","title":{"rendered":"Abschied und Neubeginn f\u00fcr die Welpen"},"content":{"rendered":"<p>&nbsp;<\/p>\n<div class=\"rita-postcontent rita-postcontent-0 clearfix\">\n<p style=\"text-align: center;\">8 Wochen sind vergangen, viel zu schnell ist die Zeit des Abschieds gekommen.\u00a0Es war wieder eine wundersch\u00f6ne und spannende Zeit. Nun ist die Zeit gekommen, da\u00df die kleinen Damen in ihre neuen Familien ziehen. Ich w\u00fcnsche Euch allen ganz, ganz viel Gl\u00fcck, Liebe und Freude in eurem neuen Zuhause!<\/p>\n<p style=\"text-align: center;\"><img loading=\"lazy\" decoding=\"async\" class=\"rita-lightbox\" src=\"http:\/\/www.hovawart-vom-wackerbarth.de\/images\/IMG_2734%20hp.jpg\" alt=\"\" width=\"240\" height=\"273\" \/><\/p>\n<p style=\"text-align: center;\">Gretel tritt die Nachfolge von Django von Wackerbarth an und lebt ab sofort in Hessen \ud83d\ude42<\/p>\n<p style=\"text-align: center;\"><img loading=\"lazy\" decoding=\"async\" class=\"rita-lightbox\" src=\"http:\/\/www.hovawart-vom-wackerbarth.de\/images\/IMG_2740%20hp%20(2).jpg\" alt=\"\" width=\"229\" height=\"320\" \/><\/p>\n<p style=\"text-align: center;\">Gina-Lisa wohnt von nun an in Baden-W\u00fcrttemberg und teilt sich den Haushalt mit Katze Zaya \ud83d\ude42<\/p>\n<p style=\"text-align: center;\"><img loading=\"lazy\" decoding=\"async\" class=\"rita-lightbox\" src=\"http:\/\/www.hovawart-vom-wackerbarth.de\/images\/IMG_2746%20hp.jpg\" alt=\"\" width=\"240\" height=\"314\" \/><\/p>\n<p style=\"text-align: center;\">Glenna wohnt ab heute in Th\u00fcringen, zusammen mit Hovidame Jolin \ud83d\ude42<\/p>\n<p style=\"text-align: center;\"><img loading=\"lazy\" decoding=\"async\" class=\"rita-lightbox\" src=\"http:\/\/www.hovawart-vom-wackerbarth.de\/images\/IMG_2750%20hp.jpg\" alt=\"\" width=\"224\" height=\"320\" \/><\/p>\n<p style=\"text-align: center;\">Gerda bleibt in Sachsen und hat von nun an die zwei Hundedamen Lilly und Emy zur Seite \ud83d\ude42<\/p>\n<\/div>\n","protected":false},"excerpt":{"rendered":"<p>&nbsp; 8 Wochen sind vergangen, viel zu schnell ist die Zeit des Abschieds gekommen.\u00a0Es war wieder eine wundersch\u00f6ne und spannende Zeit. Nun ist die Zeit gekommen, da\u00df die kleinen Damen in ihre neuen Familien ziehen. Ich w\u00fcnsche Euch allen ganz, ganz viel Gl\u00fcck, Liebe und Freude in eurem neuen Zuhause! Gretel tritt die Nachfolge von &hellip; <a href=\"https:\/\/www.hovawart-vom-wackerbarth.de\/hovawart\/index.php\/abschied-und-neubeginn-fuer-die-welpen\/\" class=\"more-link\"><span class=\"screen-reader-text\">\u201eAbschied und Neubeginn f\u00fcr die Welpen\u201c<\/span> weiterlesen<\/a><\/p>\n","protected":false},"author":2,"featured_media":0,"parent":0,"menu_order":0,"comment_status":"closed","ping_status":"closed","template":"","meta":{"footnotes":""},"class_list":["post-426","page","type-page","status-publish","hentry"],"_links":{"self":[{"href":"https:\/\/www.hovawart-vom-wackerbarth.de\/hovawart\/index.php\/wp-json\/wp\/v2\/pages\/426","targetHints":{"allow":["GET"]}}],"collection":[{"href":"https:\/\/www.hovawart-vom-wackerbarth.de\/hovawart\/index.php\/wp-json\/wp\/v2\/pages"}],"about":[{"href":"https:\/\/www.hovawart-vom-wackerbarth.de\/hovawart\/index.php\/wp-json\/wp\/v2\/types\/page"}],"author":[{"embeddable":true,"href":"https:\/\/www.hovawart-vom-wackerbarth.de\/hovawart\/index.php\/wp-json\/wp\/v2\/users\/2"}],"replies":[{"embeddable":true,"href":"https:\/\/www.hovawart-vom-wackerbarth.de\/hovawart\/index.php\/wp-json\/wp\/v2\/comments?post=426"}],"version-history":[{"count":1,"href":"https:\/\/www.hovawart-vom-wackerbarth.de\/hovawart\/index.php\/wp-json\/wp\/v2\/pages\/426\/revisions"}],"predecessor-version":[{"id":428,"href":"https:\/\/www.hovawart-vom-wackerbarth.de\/hovawart\/index.php\/wp-json\/wp\/v2\/pages\/426\/revisions\/428"}],"wp:attachment":[{"href":"https:\/\/www.hovawart-vom-wackerbarth.de\/hovawart\/index.php\/wp-json\/wp\/v2\/media?parent=426"}],"curies":[{"name":"wp","href":"https:\/\/api.w.org\/{rel}","templated":true}]}}