{"id":423,"date":"2022-04-04T15:29:11","date_gmt":"2022-04-04T13:29:11","guid":{"rendered":"http:\/\/www.hovawart-vom-wackerbarth.de\/hovawart\/?page_id=423"},"modified":"2022-05-26T09:30:45","modified_gmt":"2022-05-26T07:30:45","slug":"tagebuch-g-wurf","status":"publish","type":"page","link":"https:\/\/www.hovawart-vom-wackerbarth.de\/hovawart\/index.php\/tagebuch-g-wurf\/","title":{"rendered":"Tagebuch G-Wurf"},"content":{"rendered":"<p>&nbsp;<\/p>\n<p style=\"text-align: center;\">10.07.2021: Unsere Zuchtwartin war heute zu ihrem dritten Besuch, zur Wurfabnahme mit Welpenverhaltenstest, gekommen. Alle M\u00e4dchen wurden wieder hinsichtlich Exterieur beurteilt und kontrolliert. Zuvor wurde mit jedem Welpen einzeln der Welpenverhaltenstest durchgef\u00fchrt. Alle Welpen sind ohne Fehl und Tadel :-)) und und ich bin supi zufrieden mit Gerda, Gina-Lisa, Gretel und Glenna!! Nun sind sie bereit und fit f\u00fcr den Auszug aus ihrer Geburtsst\u00e4tte ins neue spannende Leben!<\/p>\n<p style=\"text-align: center;\">08.07.2021: Unser Tierarzt hat heute die kleinen Damen nochmals auf ihren Gesundheitszustand untersucht. Alles ist in bester Ordnung und so erhielten alle Vier ihre Impfung.<\/p>\n<p style=\"text-align: center;\">07.07.2021: Die 8. Woche ist angebrochen, die M\u00e4dels haben den gesamten Auslauf erobert! Regnet es, dann wandern sie gar zu gerne ins Haus zur\u00fcck, liegen unter dem Terassendach und chillen vor sich hin. Schlafen ist trotzdem noch ihre Hauptbesch\u00e4ftigung neben fressen und spielen! Fast jeden Tag kommt Besuch und spielt mit den Welpen. Alle sind aufgeschlossen, spielen und kuscheln gern.<\/p>\n<p><img loading=\"lazy\" decoding=\"async\" class=\"rita-lightbox aligncenter\" src=\"http:\/\/www.hovawart-vom-wackerbarth.de\/images\/34bb8d25-3311-488b-bfa6-a649fa0cd7b6.png\" alt=\"\" width=\"320\" height=\"221\" \/><\/p>\n<p style=\"text-align: center;\">27.06.2021: Wieder sind die letzten 14 Tage wie im Flug vergangen und die 4 M\u00e4dels haben sich sehr sch\u00f6n entwickelt. Die Blondies haben ein tolles Pigment, bei den schwarzmarkenen Damen hat Gerda die Markenzeichnung schon komplett und bei Gretel sind die Marken zu sehen, nur noch nicht so stark. Unsere Zuchtwartin war zur 2. Wurfkontrolle und es war alles an den M\u00e4dels in Ordnung! Au\u00dferdem haben die Vier von unserem Tierarzt ihre erste Impfung erhalten und wurden gechip<\/p>\n<p style=\"text-align: center;\">13.06.2021: Nun ist das Kleeblatt schon 4 Wochen alt! Alle wackeln wacker durch die ge\u00f6ffnete Wurfkiste und erkunden die neue Welt drumherum. Jeden Tag gibt es neues bzw. anderes Spielzeug und es wird gezergelt und gesch\u00fcttelt wie die Gr0\u00dfen ;-)), nein, sie \u00fcben noch :-). Bei allen sind die Z\u00e4hnchen durchgebrochen und Emmi knurrt schon mal, wenn sie zu arg an der Milchbar sind. Der Garten wurde auch schon erkundet. Das hat sie sehr m\u00fcde gemacht&#8230;die gro\u00dfe weite Welt war doch anstrengend f\u00fcr die kleinen Hundekinder.<\/p>\n<p style=\"text-align: center;\">&#8212;&#8212;&#8212;&#8212;&#8212;&#8212;&#8212;&#8212;&#8212;&#8212;&#8212;&#8212;&#8212;&#8212;&#8212;&#8212;&#8211;<\/p>\n<p style=\"text-align: center;\">30.05.2021: Die zweite Lebenswoche ist vollendet. Die 4 kleinen Hovim\u00e4dchen werden zunehmend agiler und tippeln schon durch die Wurfkiste. Mama Emmi legt sich ab und zu neben die Wurfkiste, steigt sie dann hinein, m\u00f6chte jede die Erste an der Milchbar sein. Alle haben bereits die \u00c4uglein ge\u00f6ffnet und die Gesichter bekommen einen neuen Ausdruck!<\/p>\n<p style=\"text-align: center;\">&#8212;&#8212;&#8212;&#8212;&#8212;&#8212;&#8212;&#8212;&#8212;&#8212;&#8212;&#8212;&#8212;&#8212;&#8212;&#8212;&#8212;<\/p>\n<p style=\"text-align: center;\">23.05.2021: Nun sind die kleinen Damen schon 1 Woche auf der Welt! Sie nehmen t\u00e4glich an Gewicht zu, das Pigment der Blondinen f\u00e4rbt sich an Pf\u00f6tchenballen, Lefzen und Nasenspiegel bereits dunkel. Emmi-Lou hat sich wieder mit ihrer Mutterrolle sehr gut arrangiert, sie putzt und pflegt sie von fr\u00fch bis sp\u00e4t&#8230;..<\/p>\n<p style=\"text-align: center;\">&#8212;&#8212;&#8212;&#8212;&#8212;&#8212;&#8212;&#8212;&#8212;&#8212;&#8212;&#8212;&#8212;&#8212;&#8212;&#8212;&#8212;&#8211;<\/p>\n<p style=\"text-align: center;\">Heute, am 19.05.2021\u00a0kam unsere Zuchtwartin zur 1. Wurfkontrolle. Sie war sehr zufrieden mit den kleinen H\u00fcndinnen. An den M\u00e4dels ist alles in Ordnung (Rute\/Ohren usw.). Das freut uns sehr und wir w\u00fcnschen, dass die Zwergleins weiter gut gedeihen.<\/p>\n<p style=\"text-align: center;\">&#8212;&#8212;&#8212;&#8212;&#8212;&#8212;&#8212;&#8212;&#8212;&#8212;&#8212;&#8212;&#8212;&#8212;&#8212;&#8212;&#8212;&#8211;<\/p>\n<p style=\"text-align: center;\">16.05.2021\u00a0Emmi hat souver\u00e4n am Sonntagvormittag ihre 4 Welpen zur Welt gebracht! Es sind 4 H\u00fcndinnen!<\/p>\n<p><img loading=\"lazy\" decoding=\"async\" class=\"rita-lightbox aligncenter\" src=\"http:\/\/www.hovawart-vom-wackerbarth.de\/images\/IMG_2401%20HP.jpg\" alt=\"\" width=\"320\" height=\"223\" \/><\/p>\n<p style=\"text-align: center;\">Das M\u00e4dchenquartett<\/p>\n","protected":false},"excerpt":{"rendered":"<p>&nbsp; 10.07.2021: Unsere Zuchtwartin war heute zu ihrem dritten Besuch, zur Wurfabnahme mit Welpenverhaltenstest, gekommen. Alle M\u00e4dchen wurden wieder hinsichtlich Exterieur beurteilt und kontrolliert. Zuvor wurde mit jedem Welpen einzeln der Welpenverhaltenstest durchgef\u00fchrt. Alle Welpen sind ohne Fehl und Tadel :-)) und und ich bin supi zufrieden mit Gerda, Gina-Lisa, Gretel und Glenna!! Nun sind &hellip; <a href=\"https:\/\/www.hovawart-vom-wackerbarth.de\/hovawart\/index.php\/tagebuch-g-wurf\/\" class=\"more-link\"><span class=\"screen-reader-text\">\u201eTagebuch G-Wurf\u201c<\/span> weiterlesen<\/a><\/p>\n","protected":false},"author":2,"featured_media":0,"parent":0,"menu_order":0,"comment_status":"closed","ping_status":"closed","template":"","meta":{"footnotes":""},"class_list":["post-423","page","type-page","status-publish","hentry"],"_links":{"self":[{"href":"https:\/\/www.hovawart-vom-wackerbarth.de\/hovawart\/index.php\/wp-json\/wp\/v2\/pages\/423","targetHints":{"allow":["GET"]}}],"collection":[{"href":"https:\/\/www.hovawart-vom-wackerbarth.de\/hovawart\/index.php\/wp-json\/wp\/v2\/pages"}],"about":[{"href":"https:\/\/www.hovawart-vom-wackerbarth.de\/hovawart\/index.php\/wp-json\/wp\/v2\/types\/page"}],"author":[{"embeddable":true,"href":"https:\/\/www.hovawart-vom-wackerbarth.de\/hovawart\/index.php\/wp-json\/wp\/v2\/users\/2"}],"replies":[{"embeddable":true,"href":"https:\/\/www.hovawart-vom-wackerbarth.de\/hovawart\/index.php\/wp-json\/wp\/v2\/comments?post=423"}],"version-history":[{"count":3,"href":"https:\/\/www.hovawart-vom-wackerbarth.de\/hovawart\/index.php\/wp-json\/wp\/v2\/pages\/423\/revisions"}],"predecessor-version":[{"id":484,"href":"https:\/\/www.hovawart-vom-wackerbarth.de\/hovawart\/index.php\/wp-json\/wp\/v2\/pages\/423\/revisions\/484"}],"wp:attachment":[{"href":"https:\/\/www.hovawart-vom-wackerbarth.de\/hovawart\/index.php\/wp-json\/wp\/v2\/media?parent=423"}],"curies":[{"name":"wp","href":"https:\/\/api.w.org\/{rel}","templated":true}]}}