{"id":416,"date":"2022-04-04T15:22:18","date_gmt":"2022-04-04T13:22:18","guid":{"rendered":"http:\/\/www.hovawart-vom-wackerbarth.de\/hovawart\/?page_id=416"},"modified":"2022-04-04T15:22:26","modified_gmt":"2022-04-04T13:22:26","slug":"auszug-der-kleinen-ladys","status":"publish","type":"page","link":"https:\/\/www.hovawart-vom-wackerbarth.de\/hovawart\/index.php\/auszug-der-kleinen-ladys\/","title":{"rendered":"Auszug der kleinen Ladys"},"content":{"rendered":"<p>&nbsp;<\/p>\n<h2 class=\"rita-postheader\" style=\"text-align: center;\">Abschied und Neubeginn f\u00fcr die Welpen<\/h2>\n<div class=\"rita-postcontent rita-postcontent-0 clearfix\">\n<p style=\"text-align: center;\">8 Wochen sind vergangen. Es war eine wundersch\u00f6ne, spannende, wenn auch anstrengende Zeit. Doch kleine wuselnde gl\u00fcckliche Welpen sind Entsch\u00e4digung f\u00fcr alles! Nun ist es an der Zeit, da\u00df die kleinen Damen in ihre neuen Familien ziehen. Ich w\u00fcnsche Euch allen ganz viel Gl\u00fcck, Liebe und Freude in eurem neuen Zuhause!<\/p>\n<p><img loading=\"lazy\" decoding=\"async\" class=\"rita-lightbox aligncenter\" src=\"http:\/\/www.hovawart-vom-wackerbarth.de\/images\/IMG_1700%201.jpg\" alt=\"\" width=\"168\" height=\"172\" \/><\/p>\n<p style=\"text-align: center;\">Fienchen (Fiene) wohnt nun in Bad Pyrmont \u00a0zusammen mit ihrer Tante Elida von Wackerbarth und zwei Katerchen.<\/p>\n<p><img loading=\"lazy\" decoding=\"async\" class=\"rita-lightbox aligncenter\" src=\"http:\/\/www.hovawart-vom-wackerbarth.de\/images\/IMG_1702%201.jpg\" alt=\"\" width=\"168\" height=\"188\" \/><\/p>\n<p style=\"text-align: center;\">Fee-Lilly\u00a0(Lilly) wird ab sofort in Mosbach den Familienalltag mit bestimmen.<\/p>\n<p style=\"text-align: center;\"><img loading=\"lazy\" decoding=\"async\" class=\"rita-lightbox\" src=\"http:\/\/www.hovawart-vom-wackerbarth.de\/images\/IMG_1712%201.jpg\" alt=\"\" width=\"168\" height=\"208\" \/><\/p>\n<p style=\"text-align: center;\">Finnie wurde sehns\u00fcchtig von Ines und Andreas erwartet. Die Familie hatte bereits aus dem B-Wurf eine H\u00fcndin von uns und nun wird Finnie ab sofort durch Haus und Hof in Grabow wuseln.<\/p>\n<p style=\"text-align: center;\"><img loading=\"lazy\" decoding=\"async\" class=\"rita-lightbox\" src=\"http:\/\/www.hovawart-vom-wackerbarth.de\/images\/IMG_1714%201.jpg\" alt=\"\" width=\"149\" height=\"224\" \/><\/p>\n<p style=\"text-align: center;\">Frieda-Marie (Frieda) hatte einen kurzen Weg ins neue Heim. Gleich im Nachbarort Langebr\u00fcck wird sie zusammen mit einer Kangalh\u00fcndin und allerlei &#8222;Au\u00dferirdischen&#8220; ;-)) wie Ziegen und H\u00fchner leben und darf erst einmal den Tagesrhytmus bestimmen. Und vielleicht wird sie sp\u00e4ter ein Reitbegleithund werden.<\/p>\n<p style=\"text-align: center;\"><img loading=\"lazy\" decoding=\"async\" class=\"rita-lightbox\" src=\"http:\/\/www.hovawart-vom-wackerbarth.de\/images\/IMG_1717%201.jpg\" alt=\"\" width=\"168\" height=\"222\" \/><\/p>\n<p style=\"text-align: center;\">Finn-Nele (Nele) \u00a0wohnt nun in Eitorf. Sie tritt in die Fu\u00dfstapfen eines souver\u00e4nen Hovir\u00fcden.<\/p>\n<p style=\"text-align: center;\"><img loading=\"lazy\" decoding=\"async\" class=\"rita-lightbox\" src=\"http:\/\/www.hovawart-vom-wackerbarth.de\/images\/IMG_1838%201.jpg\" alt=\"\" width=\"168\" height=\"194\" \/><\/p>\n<p style=\"text-align: center;\">Franziska (Franzi) lebt ab sofort als neues Familienmitglied in Dresden.<\/p>\n<p style=\"text-align: center;\"><img loading=\"lazy\" decoding=\"async\" class=\"rita-lightbox\" src=\"http:\/\/www.hovawart-vom-wackerbarth.de\/images\/IMG_1856%20feli.jpg\" alt=\"\" width=\"168\" height=\"214\" \/><\/p>\n<p style=\"text-align: center;\">Felicitas (Niki) lebt nun in Bad Lippspringe und darf dort den Alltag bestimmen.<\/p>\n<p style=\"text-align: center;\"><img loading=\"lazy\" decoding=\"async\" class=\"rita-lightbox\" src=\"http:\/\/www.hovawart-vom-wackerbarth.de\/images\/20191211_151244%20finja.jpg\" alt=\"\" width=\"144\" height=\"150\" \/><\/p>\n<p style=\"text-align: center;\">Und Finja??? \u00a0Finja bleibt bei uns in Dresden :-)) .<\/p>\n<\/div>\n","protected":false},"excerpt":{"rendered":"<p>&nbsp; Abschied und Neubeginn f\u00fcr die Welpen 8 Wochen sind vergangen. Es war eine wundersch\u00f6ne, spannende, wenn auch anstrengende Zeit. Doch kleine wuselnde gl\u00fcckliche Welpen sind Entsch\u00e4digung f\u00fcr alles! Nun ist es an der Zeit, da\u00df die kleinen Damen in ihre neuen Familien ziehen. Ich w\u00fcnsche Euch allen ganz viel Gl\u00fcck, Liebe und Freude in &hellip; <a href=\"https:\/\/www.hovawart-vom-wackerbarth.de\/hovawart\/index.php\/auszug-der-kleinen-ladys\/\" class=\"more-link\"><span class=\"screen-reader-text\">\u201eAuszug der kleinen Ladys\u201c<\/span> weiterlesen<\/a><\/p>\n","protected":false},"author":2,"featured_media":0,"parent":0,"menu_order":0,"comment_status":"closed","ping_status":"closed","template":"","meta":{"footnotes":""},"class_list":["post-416","page","type-page","status-publish","hentry"],"_links":{"self":[{"href":"https:\/\/www.hovawart-vom-wackerbarth.de\/hovawart\/index.php\/wp-json\/wp\/v2\/pages\/416","targetHints":{"allow":["GET"]}}],"collection":[{"href":"https:\/\/www.hovawart-vom-wackerbarth.de\/hovawart\/index.php\/wp-json\/wp\/v2\/pages"}],"about":[{"href":"https:\/\/www.hovawart-vom-wackerbarth.de\/hovawart\/index.php\/wp-json\/wp\/v2\/types\/page"}],"author":[{"embeddable":true,"href":"https:\/\/www.hovawart-vom-wackerbarth.de\/hovawart\/index.php\/wp-json\/wp\/v2\/users\/2"}],"replies":[{"embeddable":true,"href":"https:\/\/www.hovawart-vom-wackerbarth.de\/hovawart\/index.php\/wp-json\/wp\/v2\/comments?post=416"}],"version-history":[{"count":2,"href":"https:\/\/www.hovawart-vom-wackerbarth.de\/hovawart\/index.php\/wp-json\/wp\/v2\/pages\/416\/revisions"}],"predecessor-version":[{"id":419,"href":"https:\/\/www.hovawart-vom-wackerbarth.de\/hovawart\/index.php\/wp-json\/wp\/v2\/pages\/416\/revisions\/419"}],"wp:attachment":[{"href":"https:\/\/www.hovawart-vom-wackerbarth.de\/hovawart\/index.php\/wp-json\/wp\/v2\/media?parent=416"}],"curies":[{"name":"wp","href":"https:\/\/api.w.org\/{rel}","templated":true}]}}