{"id":410,"date":"2022-04-04T15:15:32","date_gmt":"2022-04-04T13:15:32","guid":{"rendered":"http:\/\/www.hovawart-vom-wackerbarth.de\/hovawart\/?page_id=410"},"modified":"2023-06-20T17:00:58","modified_gmt":"2023-06-20T15:00:58","slug":"tagebuch-f-wurf","status":"publish","type":"page","link":"https:\/\/www.hovawart-vom-wackerbarth.de\/hovawart\/index.php\/tagebuch-f-wurf\/","title":{"rendered":"Tagebuch F-Wurf"},"content":{"rendered":"<p>&nbsp;<\/p>\n<p>22.11.2019: Unsere Zuchtwartin war heute zu ihrem dritten Besuch, zur Wurfabnahme mit Welpenverhaltenstest, gekommen. Alle M\u00e4dchen wurden hinsichtlich Exterieur beurteilt und kontrolliert. Zuvor wurde mit jedem Welpen einzeln der Welpenverhaltenstest durchgef\u00fchrt. Alle Welpen sind ohne Fehl und Tadel :-)) und ich bin supi zufrieden mit der kleinen Welpenschar!<\/p>\n<p>21.11.2019: Die Achtlinge haben heute ihre 2. Impfung vom Tierarzt bekommen und wie erwartet, waren wieder alle total relaxt!<\/p>\n<p>06.11.2019: Heute waren die kleinen Prinzessinnen ganz tapfer! Unser Tierarzt war da, hat alle untersucht (alles i.O.) und dann gab es die erste Impfung (gegen Parvovirose). Anschlie\u00dfend bekam jede noch ihren Chip gesetzt. Auch unser Tierarzt fand die M\u00e4dels total knuffig und war begeistert von der Wuselschar \ud83d\ude42<\/p>\n<p>04.11.2019: Heute war unsere Zuchtwartin zur Zwischenabnahme bei den Welpen. Alle M\u00e4dels haben sich von ihrer besten Seite gezeigt und Mama Emmi-Lou hatte immer ein wachsames Auge auf das Geschehen. Es gab keine Beanstandungen, alles ist in bester Ordnung und ich bin sehr zufrieden und gl\u00fccklich. Die kleinen Damen entwickeln sich immer besser, die Spielger\u00e4te werden ausgelastet, sehr beliebt ist das Wackelbrett, darr\u00fcber toben sie gar zu gerne. Die Blondies haben nach wie vor einen sehr einheitlichen Blondton mit korrekten Aufhellungen und alle haben ein super Pigment! Man kann sie wirklich nur schwer voneinander unterscheiden. Bei den 3 schwarzmarkenen Damen haben sich die Marken sehr gut entwickelt. Alle Drei haben h\u00fcbsche Augenpunkte, was den Gesichtern einen sch\u00f6nen Ausdruck verleiht. Essen, spielen, schlafen &#8211; das Wichtigste an jedem Tag.<\/p>\n<p>29.10.2019: Nun ist schon die 5. Lebenswoche der Welpen angebrochen, die Zeit vergeht wie im Flug&#8230; Die M\u00e4dels sind sehr lebhaft und es geht schon gut zur Sache. Manchmal m\u00f6chte man gern wissen, wor\u00fcber sie sich streiten?! Da wird geknurrt und gerauft &#8230; und dann wird friedlich neben-oder \u00fcbereinander geschlafen. Tags\u00fcber sind sie im Garten und k\u00f6nnen ihre Spielzeuge testen. Das Wackelbrett wird bestiegen, als ob man nie etwas anderes gemacht hat. Auch der Tunnel wurde von Fienchen sofort inspiziert und hoffentlich f\u00fcr o.k. befunden \ud83d\ude09 Die Vetbed-Decken ziehen sie sehr gern duch die Gegend, die kleinen L\u00fcmmels. Es ist so toll, ihnen zuzuschauen und sich mit ihnen zu besch\u00e4ftigen. Das ist der sch\u00f6nste Lohn f\u00fcr die schlaflosen N\u00e4chte und anstrengenden Tage! Sie bekommen bereits 4 Mahlzeiten und es schmeckt Ihnen bisher alles hervorragend! \u00a0Emmi wartet und hofft, da\u00df etwas \u00fcbrig bleibt, aber sie kann immer nur noch den Futterring oder die Milchsch\u00fcsseln nachputzen. Aber als Nachtisch legt sich Emmi zu den Welpen und sie d\u00fcrfen ihr Kompott genie\u00dfen.<\/p>\n<p>19.10.2019: 3 Wochen sind Emmi&#8217;s M\u00e4dchen heute geworden. Es sind schon richtige kleine Hunde und es macht wahnsinnig viel Freude, ihnen zuzuschauen und sich mit ihnen zu besch\u00e4ftigen. Die Z\u00e4hnchen sind bei allen durchgebrochen und ich bedauere Emmi beim S\u00e4ugen der Kleinen. Nach dem S\u00e4ugen wird gespielt, sie balgen miteinander und sind neugierig, wenn ich ein Spielzeug hinlege. Das wird dann angestupst und es wird sogar versucht, den kleinen Pl\u00fcschball oder den winzigen Hasen zu sch\u00fctteln \ud83d\ude09 Und danach wird wieder geschlafen wie es sich f\u00fcr Babies geh\u00f6rt! Ach ja, und sie trinken schon Welpenmilch sehr ordentlich wie man auf den Fotos sehen kann :-)))<\/p>\n<p>12.10.2019: Die zweite Lebenswoche ist vollendet. Unsere 8 kleinen Hovim\u00e4dchen werden zunehmend agiler. Mama legt sich ab und zu neben die Wurfkiste, steigt sie dann in die Wurfkiste, geht ein wildes Gewusel los, jede will die Erste an der Milchbar sein. Da wird schon mal \u00fcbereinander gelaufen, geschubst und geschimpft, wenn es nicht gleich so l\u00e4uft wie man m\u00f6chte. Alle haben bereits die \u00c4uglein ge\u00f6ffnet und die Gesichter bekommen einen neuen Ausdruck!<\/p>\n<p>05.10.2019: Nun sind die kleinen Ladys schon 1 Woche auf der Welt! Alle nehmen t\u00e4glich an Gewicht zu, das Pigment der Blondinen f\u00e4rbt sich an Pf\u00f6tchenballen, Lefzen und Nasenspiegel bereits dunkel. Emmi-Lou hat sich mit ihrer Mutterrolle gut arrangiert, sie putzt und pflegt sie von fr\u00fch bis sp\u00e4t&#8230;..<\/p>\n<p><img loading=\"lazy\" decoding=\"async\" class=\"rita-lightbox\" src=\"http:\/\/www.hovawart-vom-wackerbarth.de\/images\/collage_blond_ws.jpg\" alt=\"\" width=\"240\" height=\"240\" \/><img loading=\"lazy\" decoding=\"async\" class=\"rita-lightbox\" src=\"http:\/\/www.hovawart-vom-wackerbarth.de\/images\/collage_sm_ws.jpg\" alt=\"\" width=\"240\" height=\"240\" \/><\/p>\n<p>01.10.2019: &#8230; die Namen f\u00fcr die kleine Rasselbande stehen fest:<\/p>\n<p>Frieda-Marie \/ Fee-Lilly \/ Finn-Nele \/ Finnie \/ Fienchen (alle blond)<\/p>\n<p><img loading=\"lazy\" decoding=\"async\" class=\"rita-lightbox\" src=\"http:\/\/www.hovawart-vom-wackerbarth.de\/images\/fee%20lilly%20ws.jpg\" alt=\"\" width=\"154\" height=\"120\" \/><img loading=\"lazy\" decoding=\"async\" class=\"rita-lightbox\" src=\"http:\/\/www.hovawart-vom-wackerbarth.de\/images\/finn%20nele%20ws.jpg\" alt=\"\" width=\"160\" height=\"117\" \/><img loading=\"lazy\" decoding=\"async\" class=\"rita-lightbox\" src=\"http:\/\/www.hovawart-vom-wackerbarth.de\/images\/finnie%20ws.jpg\" alt=\"\" width=\"160\" height=\"116\" \/><img loading=\"lazy\" decoding=\"async\" class=\"rita-lightbox\" src=\"http:\/\/www.hovawart-vom-wackerbarth.de\/images\/frieda%20marie%20ws.jpg\" alt=\"\" width=\"160\" height=\"110\" \/><img loading=\"lazy\" decoding=\"async\" class=\"rita-lightbox\" src=\"http:\/\/www.hovawart-vom-wackerbarth.de\/images\/fienchen%20ws.jpg\" alt=\"\" width=\"160\" height=\"100\" \/><\/p>\n<p>Finja \/ Franziska \/ Felicitas (alle schwarzmarken)<\/p>\n<p><img loading=\"lazy\" decoding=\"async\" class=\"rita-lightbox\" src=\"http:\/\/www.hovawart-vom-wackerbarth.de\/images\/finja%20ws.jpg\" alt=\"\" width=\"160\" height=\"110\" \/><img loading=\"lazy\" decoding=\"async\" class=\"rita-lightbox\" src=\"http:\/\/www.hovawart-vom-wackerbarth.de\/images\/franziska%20ws.jpg\" alt=\"\" width=\"159\" height=\"120\" \/><img loading=\"lazy\" decoding=\"async\" class=\"rita-lightbox\" src=\"http:\/\/www.hovawart-vom-wackerbarth.de\/images\/felicitas%20ws.jpg\" alt=\"\" width=\"160\" height=\"116\" \/><\/p>\n<p>&#8212;&#8212;&#8212;&#8212;&#8212;&#8212;&#8212;&#8212;&#8212;&#8212;&#8212;&#8212;&#8212;&#8212;&#8212;&#8212;&#8212;&#8212;&#8212;&#8212;&#8212;&#8212;<\/p>\n<p>Heute, am 30.09.2019 war unsere Zuchtwartin zur 1. Wurfkontrolle. Sie war sehr zufrieden mit den kleinen M\u00e4dels. Den Blondinen wurde ein sch\u00f6nes einheitliches Blond bescheinigt und bei den schwarzmarkenen M\u00e4dchen sind alle gew\u00fcnschten Marken bereits angezeigt. \u00a0Fein! Auch ansonsten ist an den M\u00e4dels alles in Ordnung (Rute\/Ohren usw.). Das freut uns sehr und wir w\u00fcnschen, dass die Zwergleins weiter gut gedeihen.<\/p>\n<p>&#8212;&#8212;&#8212;&#8212;&#8212;&#8212;&#8212;&#8212;&#8212;&#8212;&#8212;&#8212;&#8212;&#8212;&#8212;&#8212;&#8212;&#8212;&#8212;&#8212;&#8212;&#8212;<\/p>\n<p>Am 28. September 2019 hat Emmi-Lou 8 Welpen geboren! \u00a0Es sind 5 blonde und 3 schwarzmarkenfarbene M\u00e4dchen! Emmi hat sich dabei sehr beeilt ;-), nach 3 Stunden war es geschafft! Hier ein erstes Foto kurz nach der Geburt:<\/p>\n<p><img loading=\"lazy\" decoding=\"async\" class=\"rita-lightbox aligncenter\" src=\"http:\/\/www.hovawart-vom-wackerbarth.de\/images\/20190928_130746%201%20kurz%20nach%20geburt.jpg\" alt=\"\" width=\"480\" height=\"360\" \/><\/p>\n<p><img loading=\"lazy\" decoding=\"async\" class=\"rita-lightbox aligncenter\" src=\"http:\/\/www.hovawart-vom-wackerbarth.de\/images\/blond.jpg\" alt=\"\" width=\"384\" height=\"246\" \/><\/p>\n<p style=\"text-align: center;\">die blonden M\u00e4dels<\/p>\n<p><img loading=\"lazy\" decoding=\"async\" class=\"rita-lightbox aligncenter\" src=\"http:\/\/www.hovawart-vom-wackerbarth.de\/images\/2%20sm.jpg\" alt=\"\" width=\"288\" height=\"364\" \/><\/p>\n<p style=\"text-align: center;\">die sm-M\u00e4dels<\/p>\n","protected":false},"excerpt":{"rendered":"<p>&nbsp; 22.11.2019: Unsere Zuchtwartin war heute zu ihrem dritten Besuch, zur Wurfabnahme mit Welpenverhaltenstest, gekommen. Alle M\u00e4dchen wurden hinsichtlich Exterieur beurteilt und kontrolliert. Zuvor wurde mit jedem Welpen einzeln der Welpenverhaltenstest durchgef\u00fchrt. Alle Welpen sind ohne Fehl und Tadel :-)) und ich bin supi zufrieden mit der kleinen Welpenschar! 21.11.2019: Die Achtlinge haben heute ihre &hellip; <a href=\"https:\/\/www.hovawart-vom-wackerbarth.de\/hovawart\/index.php\/tagebuch-f-wurf\/\" class=\"more-link\"><span class=\"screen-reader-text\">\u201eTagebuch F-Wurf\u201c<\/span> weiterlesen<\/a><\/p>\n","protected":false},"author":2,"featured_media":0,"parent":0,"menu_order":0,"comment_status":"closed","ping_status":"closed","template":"","meta":{"footnotes":""},"class_list":["post-410","page","type-page","status-publish","hentry"],"_links":{"self":[{"href":"https:\/\/www.hovawart-vom-wackerbarth.de\/hovawart\/index.php\/wp-json\/wp\/v2\/pages\/410","targetHints":{"allow":["GET"]}}],"collection":[{"href":"https:\/\/www.hovawart-vom-wackerbarth.de\/hovawart\/index.php\/wp-json\/wp\/v2\/pages"}],"about":[{"href":"https:\/\/www.hovawart-vom-wackerbarth.de\/hovawart\/index.php\/wp-json\/wp\/v2\/types\/page"}],"author":[{"embeddable":true,"href":"https:\/\/www.hovawart-vom-wackerbarth.de\/hovawart\/index.php\/wp-json\/wp\/v2\/users\/2"}],"replies":[{"embeddable":true,"href":"https:\/\/www.hovawart-vom-wackerbarth.de\/hovawart\/index.php\/wp-json\/wp\/v2\/comments?post=410"}],"version-history":[{"count":4,"href":"https:\/\/www.hovawart-vom-wackerbarth.de\/hovawart\/index.php\/wp-json\/wp\/v2\/pages\/410\/revisions"}],"predecessor-version":[{"id":847,"href":"https:\/\/www.hovawart-vom-wackerbarth.de\/hovawart\/index.php\/wp-json\/wp\/v2\/pages\/410\/revisions\/847"}],"wp:attachment":[{"href":"https:\/\/www.hovawart-vom-wackerbarth.de\/hovawart\/index.php\/wp-json\/wp\/v2\/media?parent=410"}],"curies":[{"name":"wp","href":"https:\/\/api.w.org\/{rel}","templated":true}]}}