{"id":381,"date":"2022-04-04T14:49:04","date_gmt":"2022-04-04T12:49:04","guid":{"rendered":"http:\/\/www.hovawart-vom-wackerbarth.de\/hovawart\/?page_id=381"},"modified":"2022-04-04T14:49:04","modified_gmt":"2022-04-04T12:49:04","slug":"unsere-wuensche-vorstellungen-an-die-welpenkaeufer","status":"publish","type":"page","link":"https:\/\/www.hovawart-vom-wackerbarth.de\/hovawart\/index.php\/unsere-wuensche-vorstellungen-an-die-welpenkaeufer\/","title":{"rendered":"Unsere W\u00fcnsche \/ Vorstellungen an die Welpenk\u00e4ufer"},"content":{"rendered":"<p>&nbsp;<\/p>\n<p><span style=\"color: #ff6600;\">Unsere W\u00fcnsche &#8211; oder was Sie vor der Anschaffung eines Hovawart&#8217;s wissen bzw. wor\u00fcber Sie nachdenken sollten:<\/span><\/p>\n<ul>\n<li>Der Hovawart ist ein aktiver selbstbewu\u00dfter kraftvoller Hund.<\/li>\n<li>Er braucht engen Familienanschlu\u00df. Keiner unserer Welpen wird in Zwingerhaltung abgegeben.<\/li>\n<li>Er ist nicht geeignet f\u00fcr Stubenhocker, er braucht Menschen, die sich gern bewegen und sich auch bei Wind, Regen und Schnee drau\u00dfen wohl f\u00fchlen.<\/li>\n<li>Unsere Hovawarte sollen bei Menschen leben, f\u00fcr die es selbstverst\u00e4ndlich ist, da\u00df der Hund mit der Familie im Haus wohnt!<\/li>\n<li>2x am Tag eine Gassirunde reicht nicht! Der Hovawart braucht Arbeit, Training, lange Wanderungen und vorallem geistige Auslastung!<\/li>\n<li>Der Hovawart f\u00fchlt sich in vielen Sportarten wohl. Bei der F\u00e4hrtenarbeit wird er hervorragend ausgelastet. Aber auch im Turnierhundesport, bei der Rettungshundearbeit, im IGP-Bereich, beim Obedience und Mailtraining f\u00fchlt er sich bei richtiger Ausbildung &#8222;pudelwohl&#8220;.<\/li>\n<li>Jeder Hund kostet im Laufe seines Lebens eine Menge Geld (Hundehalterhaftpflicht, Steuern, Futter, Ausbildung, Tierarzt usw.). Es gibt ihn nicht zum Nulltarif, bitte bedenken Sie das!<\/li>\n<li>Haben Sie gen\u00fcgend Urlaub, wenn der Welpe bei Ihnen einzieht oder ist \u00fcber den Tag immer jemand zu Hause, der sich um ihn k\u00fcmmert?!<\/li>\n<li>Der Hovawart liebt lange Spazierg\u00e4nge querfeldein durch Wald und Flur. Dabei machen ihm Regen, Schnee, Wind nichts aus. Sind Sie wetterfest genug daf\u00fcr?<\/li>\n<li>Als Hovivbesitzer mu\u00df man eine geh\u00f6rige Portion Geduld und Humor mitbringen, um seinen Hovi zu begeistern und erziehen zu k\u00f6nnen.<\/li>\n<li>Er ist kein &#8222;will to please&#8220; -Hund.<\/li>\n<li>Zwang und H\u00e4rte bringen bei ihm nichts! Er ist sensibel und klug! Geduld, Einf\u00fchlungsverm\u00f6gen gepaart mit Konsequenz sind gefragt!<\/li>\n<li>Der Hovawart wird Sie viele Jahre durch das Leben begleiten und Sie haben ihn sich angeschafft, nicht er Sie. Sie haben die volle Verantwortung f\u00fcr ihn.<\/li>\n<\/ul>\n","protected":false},"excerpt":{"rendered":"<p>&nbsp; Unsere W\u00fcnsche &#8211; oder was Sie vor der Anschaffung eines Hovawart&#8217;s wissen bzw. wor\u00fcber Sie nachdenken sollten: Der Hovawart ist ein aktiver selbstbewu\u00dfter kraftvoller Hund. Er braucht engen Familienanschlu\u00df. Keiner unserer Welpen wird in Zwingerhaltung abgegeben. Er ist nicht geeignet f\u00fcr Stubenhocker, er braucht Menschen, die sich gern bewegen und sich auch bei Wind, &hellip; <a href=\"https:\/\/www.hovawart-vom-wackerbarth.de\/hovawart\/index.php\/unsere-wuensche-vorstellungen-an-die-welpenkaeufer\/\" class=\"more-link\"><span class=\"screen-reader-text\">\u201eUnsere W\u00fcnsche \/ Vorstellungen an die Welpenk\u00e4ufer\u201c<\/span> weiterlesen<\/a><\/p>\n","protected":false},"author":2,"featured_media":0,"parent":0,"menu_order":0,"comment_status":"closed","ping_status":"closed","template":"","meta":{"footnotes":""},"class_list":["post-381","page","type-page","status-publish","hentry"],"_links":{"self":[{"href":"https:\/\/www.hovawart-vom-wackerbarth.de\/hovawart\/index.php\/wp-json\/wp\/v2\/pages\/381","targetHints":{"allow":["GET"]}}],"collection":[{"href":"https:\/\/www.hovawart-vom-wackerbarth.de\/hovawart\/index.php\/wp-json\/wp\/v2\/pages"}],"about":[{"href":"https:\/\/www.hovawart-vom-wackerbarth.de\/hovawart\/index.php\/wp-json\/wp\/v2\/types\/page"}],"author":[{"embeddable":true,"href":"https:\/\/www.hovawart-vom-wackerbarth.de\/hovawart\/index.php\/wp-json\/wp\/v2\/users\/2"}],"replies":[{"embeddable":true,"href":"https:\/\/www.hovawart-vom-wackerbarth.de\/hovawart\/index.php\/wp-json\/wp\/v2\/comments?post=381"}],"version-history":[{"count":1,"href":"https:\/\/www.hovawart-vom-wackerbarth.de\/hovawart\/index.php\/wp-json\/wp\/v2\/pages\/381\/revisions"}],"predecessor-version":[{"id":383,"href":"https:\/\/www.hovawart-vom-wackerbarth.de\/hovawart\/index.php\/wp-json\/wp\/v2\/pages\/381\/revisions\/383"}],"wp:attachment":[{"href":"https:\/\/www.hovawart-vom-wackerbarth.de\/hovawart\/index.php\/wp-json\/wp\/v2\/media?parent=381"}],"curies":[{"name":"wp","href":"https:\/\/api.w.org\/{rel}","templated":true}]}}