{"id":378,"date":"2022-04-04T14:47:08","date_gmt":"2022-04-04T12:47:08","guid":{"rendered":"http:\/\/www.hovawart-vom-wackerbarth.de\/hovawart\/?page_id=378"},"modified":"2022-04-04T14:47:08","modified_gmt":"2022-04-04T12:47:08","slug":"philosophie","status":"publish","type":"page","link":"https:\/\/www.hovawart-vom-wackerbarth.de\/hovawart\/index.php\/philosophie\/","title":{"rendered":"Philosophie"},"content":{"rendered":"<p>&nbsp;<\/p>\n<p>Um im Rassezuchtverein f\u00fcr Hovawart-Hunde e.V. z\u00fcchten zu k\u00f6nnen, m\u00fcssen Mensch und Hund bestimmte Voraussetzungen erf\u00fcllen.<\/p>\n<p>Der angehende Z\u00fcchter mu\u00df eine Z\u00fcchterschulung absolvieren und sich danach bei Z\u00fcchterseminaren weiterbilden.<\/p>\n<p>Die Zuchthunde m\u00fcssen HD-frei sein, au\u00dferdem werden sie auf erbliche Augenkrankheiten gecheckt.<\/p>\n<p>Sie m\u00fcssen die Zuchtpr\u00fcfungen, bestandene Jugendbeurteilung und die bestandene Zuchttauglichkeitspr\u00fcfung, abgelegt haben.<\/p>\n<p>Die Zuchtst\u00e4tte hat bestimmte Anforderungen zu erf\u00fcllen &#8211; diese wird vom Zuchtwart gepr\u00fcft und abgenommen.<\/p>\n<p>Unserer Welpen werden im Haus geboren und wachsen dort die ersten Wochen auf, so dass die Mutterh\u00fcndin wie gewohnt am Geschehen teilhaben kann und wir jederzeit in der N\u00e4he der jungen Familie sind.<\/p>\n<p>Nach 4-5 Wochen zieht die Hovi-Familie dann in die Outdoor-Wohnung in den Garten ins Hundehaus mit Auslauf und Spielplatz f\u00fcr die Welpen.<\/p>\n<p>Dort lernen sie verschiedene Ger\u00e4usche, \u00a0Untergr\u00fcnde u.a. kennen und haben Kontakt zu Kindern und anderen Menschen.<\/p>\n<p>Wir m\u00f6chten unseren Welpen durch optimale Pr\u00e4gung und Aufzucht einen guten Start ins weitere Leben erm\u00f6glichen.<\/p>\n<p><span style=\"color: #ff6600;\"><strong>&#8211; Zwingerschutz seit 1999 &#8211;<\/strong><\/span><\/p>\n<p><img loading=\"lazy\" decoding=\"async\" class=\"rita-lightbox\" src=\"http:\/\/www.hovawart-vom-wackerbarth.de\/images\/erwin_und_earl_e_wurf_wackerbarth.jpg\" alt=\"\" width=\"528\" height=\"352\" \/><\/p>\n<p><img loading=\"lazy\" decoding=\"async\" class=\"rita-lightbox\" src=\"http:\/\/www.hovawart-vom-wackerbarth.de\/images\/logo.jpg\" alt=\"\" width=\"170\" height=\"80\" \/><\/p>\n<p>Logo des Rassezuchtvereins f\u00fcr Hovawart-Hunde e.V.<\/p>\n","protected":false},"excerpt":{"rendered":"<p>&nbsp; Um im Rassezuchtverein f\u00fcr Hovawart-Hunde e.V. z\u00fcchten zu k\u00f6nnen, m\u00fcssen Mensch und Hund bestimmte Voraussetzungen erf\u00fcllen. Der angehende Z\u00fcchter mu\u00df eine Z\u00fcchterschulung absolvieren und sich danach bei Z\u00fcchterseminaren weiterbilden. Die Zuchthunde m\u00fcssen HD-frei sein, au\u00dferdem werden sie auf erbliche Augenkrankheiten gecheckt. Sie m\u00fcssen die Zuchtpr\u00fcfungen, bestandene Jugendbeurteilung und die bestandene Zuchttauglichkeitspr\u00fcfung, abgelegt haben. Die &hellip; <a href=\"https:\/\/www.hovawart-vom-wackerbarth.de\/hovawart\/index.php\/philosophie\/\" class=\"more-link\"><span class=\"screen-reader-text\">\u201ePhilosophie\u201c<\/span> weiterlesen<\/a><\/p>\n","protected":false},"author":2,"featured_media":0,"parent":0,"menu_order":0,"comment_status":"closed","ping_status":"closed","template":"","meta":{"footnotes":""},"class_list":["post-378","page","type-page","status-publish","hentry"],"_links":{"self":[{"href":"https:\/\/www.hovawart-vom-wackerbarth.de\/hovawart\/index.php\/wp-json\/wp\/v2\/pages\/378","targetHints":{"allow":["GET"]}}],"collection":[{"href":"https:\/\/www.hovawart-vom-wackerbarth.de\/hovawart\/index.php\/wp-json\/wp\/v2\/pages"}],"about":[{"href":"https:\/\/www.hovawart-vom-wackerbarth.de\/hovawart\/index.php\/wp-json\/wp\/v2\/types\/page"}],"author":[{"embeddable":true,"href":"https:\/\/www.hovawart-vom-wackerbarth.de\/hovawart\/index.php\/wp-json\/wp\/v2\/users\/2"}],"replies":[{"embeddable":true,"href":"https:\/\/www.hovawart-vom-wackerbarth.de\/hovawart\/index.php\/wp-json\/wp\/v2\/comments?post=378"}],"version-history":[{"count":1,"href":"https:\/\/www.hovawart-vom-wackerbarth.de\/hovawart\/index.php\/wp-json\/wp\/v2\/pages\/378\/revisions"}],"predecessor-version":[{"id":380,"href":"https:\/\/www.hovawart-vom-wackerbarth.de\/hovawart\/index.php\/wp-json\/wp\/v2\/pages\/378\/revisions\/380"}],"wp:attachment":[{"href":"https:\/\/www.hovawart-vom-wackerbarth.de\/hovawart\/index.php\/wp-json\/wp\/v2\/media?parent=378"}],"curies":[{"name":"wp","href":"https:\/\/api.w.org\/{rel}","templated":true}]}}