{"id":367,"date":"2022-04-02T10:11:46","date_gmt":"2022-04-02T08:11:46","guid":{"rendered":"http:\/\/www.hovawart-vom-wackerbarth.de\/hovawart\/?page_id=367"},"modified":"2024-04-04T10:56:33","modified_gmt":"2024-04-04T08:56:33","slug":"regenbogenbruecke","status":"publish","type":"page","link":"https:\/\/www.hovawart-vom-wackerbarth.de\/hovawart\/index.php\/regenbogenbruecke\/","title":{"rendered":"Regenbogenbr\u00fccke"},"content":{"rendered":"<h2 class=\"rita-postheader\">Erinnerungen<\/h2>\n<div class=\"rita-postcontent rita-postcontent-0 clearfix\">\n<p>&#8222;Das mir mein Hund das Liebste sei, sagst Du, oh Mensch , sei S\u00fcnde, mein Hund ist mir im Sturme treu, der Mensch nicht mal im Winde.&#8220;(Franz v. Assisi)<\/p>\n<p>Danke f\u00fcr all die Liebe und Treue.<\/p>\n<p><center><br \/>\n<iframe loading=\"lazy\" width=\"560\" height=\"315\" src=\"https:\/\/www.youtube.com\/embed\/c89CN_zHYS4?si=nJDOzM8KWJGsKVy3\" title=\"YouTube video player\" frameborder=\"0\" allow=\"accelerometer; autoplay; clipboard-write; encrypted-media; gyroscope; picture-in-picture; web-share\" referrerpolicy=\"strict-origin-when-cross-origin\" allowfullscreen><\/iframe><\/center>&nbsp;<\/p>\n<p style=\"text-align: center;\"><img loading=\"lazy\" decoding=\"async\" class=\"rita-lightbox\" src=\"http:\/\/www.hovawart-vom-wackerbarth.de\/images\/Lisa+Freddie.jpg\" alt=\"\" width=\"480\" height=\"323\" \/><\/p>\n<p style=\"text-align: center;\">Freddie und seine Mutter Eliza<\/p>\n<p style=\"text-align: center;\"><img loading=\"lazy\" decoding=\"async\" class=\"alignnone wp-image-842\" src=\"http:\/\/www.hovawart-vom-wackerbarth.de\/hovawart\/wp-content\/uploads\/2023\/06\/jpg090-300x209.jpg\" alt=\"\" width=\"320\" height=\"223\" srcset=\"https:\/\/www.hovawart-vom-wackerbarth.de\/hovawart\/wp-content\/uploads\/2023\/06\/jpg090-300x209.jpg 300w, https:\/\/www.hovawart-vom-wackerbarth.de\/hovawart\/wp-content\/uploads\/2023\/06\/jpg090-768x534.jpg 768w, https:\/\/www.hovawart-vom-wackerbarth.de\/hovawart\/wp-content\/uploads\/2023\/06\/jpg090-1024x712.jpg 1024w, https:\/\/www.hovawart-vom-wackerbarth.de\/hovawart\/wp-content\/uploads\/2023\/06\/jpg090.jpg 1440w\" sizes=\"auto, (max-width: 320px) 85vw, 320px\" \/> <img loading=\"lazy\" decoding=\"async\" class=\"alignnone size-medium wp-image-843\" src=\"http:\/\/www.hovawart-vom-wackerbarth.de\/hovawart\/wp-content\/uploads\/2023\/06\/Kopie-vonEliza-vom-Blonden-Stern-am-04.06.2005-Kopie-300x225.jpg\" alt=\"\" width=\"300\" height=\"225\" srcset=\"https:\/\/www.hovawart-vom-wackerbarth.de\/hovawart\/wp-content\/uploads\/2023\/06\/Kopie-vonEliza-vom-Blonden-Stern-am-04.06.2005-Kopie-300x225.jpg 300w, https:\/\/www.hovawart-vom-wackerbarth.de\/hovawart\/wp-content\/uploads\/2023\/06\/Kopie-vonEliza-vom-Blonden-Stern-am-04.06.2005-Kopie-768x576.jpg 768w, https:\/\/www.hovawart-vom-wackerbarth.de\/hovawart\/wp-content\/uploads\/2023\/06\/Kopie-vonEliza-vom-Blonden-Stern-am-04.06.2005-Kopie.jpg 800w\" sizes=\"auto, (max-width: 300px) 85vw, 300px\" \/><\/p>\n<p>=================================================<\/p>\n<p>Grissly<\/p>\n<p><img loading=\"lazy\" decoding=\"async\" class=\"rita-lightbox\" src=\"http:\/\/www.hovawart-vom-wackerbarth.de\/images\/Grissly.jpg\" alt=\"\" width=\"448\" height=\"308\" \/><\/p>\n<p>Erinnerungen an Grissly:<\/p>\n<table class=\"rita-article\">\n<tbody>\n<tr>\n<td><img loading=\"lazy\" decoding=\"async\" class=\"rita-lightbox\" src=\"http:\/\/www.hovawart-vom-wackerbarth.de\/images\/Grissly%20acht%20Wochen%20alt.jpg\" alt=\"\" width=\"150\" height=\"166\" \/><\/td>\n<td><img loading=\"lazy\" decoding=\"async\" class=\"rita-lightbox\" src=\"http:\/\/www.hovawart-vom-wackerbarth.de\/images\/Grissly%20im%20Alter%20von%204%20Monaten.jpg\" alt=\"\" width=\"150\" height=\"177\" \/><\/td>\n<td><img loading=\"lazy\" decoding=\"async\" class=\"rita-lightbox\" src=\"http:\/\/www.hovawart-vom-wackerbarth.de\/images\/Grissly%20zwei%20Jahre%20alt.jpg\" alt=\"\" width=\"150\" height=\"186\" \/><\/td>\n<td><img loading=\"lazy\" decoding=\"async\" class=\"rita-lightbox\" src=\"http:\/\/www.hovawart-vom-wackerbarth.de\/images\/Regen%20den%20ganzen%20Tag%20lang%20aber%20Grissly%20hat%20die%20Begleithundpruefung%20trotzdem%20gut%20bestanden.jpg\" alt=\"\" width=\"204\" height=\"179\" \/><\/td>\n<\/tr>\n<tr>\n<td>Grissly \u00a08 Wochen allt<\/td>\n<td>Grissly im Alter von 4 Monaten<\/td>\n<td>Grissly 2 Jahre alt<\/td>\n<td>Regen den ganzen Tag &#8211; aber Grissly<\/p>\n<p>hat die Begleithundpr\u00fcfung bestanden<\/td>\n<\/tr>\n<\/tbody>\n<\/table>\n<p>======================================<\/p>\n<p>Baron (1984 &#8211; 1992)<\/p>\n<p><img loading=\"lazy\" decoding=\"async\" class=\"rita-lightbox\" src=\"http:\/\/www.hovawart-vom-wackerbarth.de\/images\/Baron%20von%20Gruenhoefchen.jpg\" alt=\"\" width=\"360\" height=\"379\" \/><\/p>\n<p>Baron &#8211; mein erster Hovawart &#8211; er \u00fcberzeugte mich so sehr, dass ich dem Hovawart bis heute treu geblieben bin.<\/p>\n<p>Baron war ein sehr freundlicher, offener , menschenbezogener Hund. Mit ihm begann ich auf dem Hundeplatz zu arbeiten, wenngleich recht sparsam, da ich den gr\u00f6\u00dften Teil meiner Freizeit dem Pferdesport widmete. Trotzdem absolvierte Baron erfolgreich die Begleithundpr\u00fcfung, stellte sich beim F\u00e4hrten sehr geschickt an und auch im Schutzdienst war er ein sicherer Vertreter seiner Rasse.<\/p>\n<p>Leider verstarb mein Baron viel zu fr\u00fch an einer nicht erkannten Magendrehung im April 1992.<\/p>\n<p>Erinnerungen an Baron:<\/p>\n<table class=\"rita-article\">\n<tbody>\n<tr>\n<td><img loading=\"lazy\" decoding=\"async\" class=\"rita-lightbox\" src=\"http:\/\/www.hovawart-vom-wackerbarth.de\/images\/Baron%20acht%20Wochen%20alt.jpg\" alt=\"\" width=\"233\" height=\"250\" \/><\/td>\n<td><img loading=\"lazy\" decoding=\"async\" class=\"rita-lightbox\" src=\"http:\/\/www.hovawart-vom-wackerbarth.de\/images\/Baron%20ein%20%20Jahr%20alt.jpg\" alt=\"\" width=\"218\" height=\"250\" \/><\/td>\n<td><img loading=\"lazy\" decoding=\"async\" class=\"rita-lightbox\" src=\"http:\/\/www.hovawart-vom-wackerbarth.de\/images\/Baron%20fuenf%20Jahre%20alt.jpg\" alt=\"\" width=\"217\" height=\"249\" \/><\/td>\n<td><img loading=\"lazy\" decoding=\"async\" class=\"rita-lightbox\" src=\"http:\/\/www.hovawart-vom-wackerbarth.de\/images\/Hundeplatz.jpg\" alt=\"\" width=\"227\" height=\"250\" \/><\/td>\n<\/tr>\n<tr>\n<td>Baron 8 Wochen alt<\/td>\n<td>Baron im Alter von 1 Jahr<\/td>\n<td>Baron 5 Jahre<\/td>\n<td>Hundeplatz<\/td>\n<\/tr>\n<\/tbody>\n<\/table>\n<p>=========================================<\/p>\n<p>Arco<\/p>\n<p><img loading=\"lazy\" decoding=\"async\" class=\"rita-lightbox\" src=\"http:\/\/www.hovawart-vom-wackerbarth.de\/images\/Arco.jpg\" alt=\"\" width=\"480\" height=\"324\" \/><\/p>\n<p>Arco &#8211; mein allererster treuer vierbeiniger Freund, er begleitete mich von 1969 &#8211; 1983.<\/p>\n<p>Erinnerungen an Arco:<\/p>\n<table class=\"rita-article\">\n<tbody>\n<tr>\n<td><img loading=\"lazy\" decoding=\"async\" class=\"rita-lightbox\" src=\"http:\/\/www.hovawart-vom-wackerbarth.de\/images\/jung%20und%20alt%20zusammen%2015%20Jahre%20alt.jpg\" alt=\"\" width=\"239\" height=\"229\" \/><\/td>\n<td><img loading=\"lazy\" decoding=\"async\" class=\"rita-lightbox\" src=\"http:\/\/www.hovawart-vom-wackerbarth.de\/images\/Arco%20im%20Alter%20von%204%20Jahren.jpg\" alt=\"\" width=\"192\" height=\"230\" \/><\/td>\n<td><img loading=\"lazy\" decoding=\"async\" class=\"rita-lightbox\" src=\"http:\/\/www.hovawart-vom-wackerbarth.de\/images\/arco_1.jpg\" alt=\"\" width=\"234\" height=\"249\" \/><\/td>\n<td><img loading=\"lazy\" decoding=\"async\" class=\"rita-lightbox\" src=\"http:\/\/www.hovawart-vom-wackerbarth.de\/images\/Arco%203%20Jahre.jpg\" alt=\"\" width=\"215\" height=\"249\" \/><\/td>\n<\/tr>\n<tr>\n<td>Jung und alt &#8211; zusammen 15 Jahre<\/td>\n<td>Arco 4 Jahre<\/td>\n<td>beim St\u00f6ckchen bringen<\/td>\n<td>Arco 3 Jahre<\/td>\n<\/tr>\n<\/tbody>\n<\/table>\n<\/div>\n","protected":false},"excerpt":{"rendered":"<p>Erinnerungen &#8222;Das mir mein Hund das Liebste sei, sagst Du, oh Mensch , sei S\u00fcnde, mein Hund ist mir im Sturme treu, der Mensch nicht mal im Winde.&#8220;(Franz v. Assisi) Danke f\u00fcr all die Liebe und Treue. &nbsp; Freddie und seine Mutter Eliza ================================================= Grissly Erinnerungen an Grissly: Grissly \u00a08 Wochen allt Grissly im Alter &hellip; <a href=\"https:\/\/www.hovawart-vom-wackerbarth.de\/hovawart\/index.php\/regenbogenbruecke\/\" class=\"more-link\"><span class=\"screen-reader-text\">\u201eRegenbogenbr\u00fccke\u201c<\/span> weiterlesen<\/a><\/p>\n","protected":false},"author":2,"featured_media":0,"parent":0,"menu_order":0,"comment_status":"closed","ping_status":"closed","template":"","meta":{"footnotes":""},"class_list":["post-367","page","type-page","status-publish","hentry"],"_links":{"self":[{"href":"https:\/\/www.hovawart-vom-wackerbarth.de\/hovawart\/index.php\/wp-json\/wp\/v2\/pages\/367","targetHints":{"allow":["GET"]}}],"collection":[{"href":"https:\/\/www.hovawart-vom-wackerbarth.de\/hovawart\/index.php\/wp-json\/wp\/v2\/pages"}],"about":[{"href":"https:\/\/www.hovawart-vom-wackerbarth.de\/hovawart\/index.php\/wp-json\/wp\/v2\/types\/page"}],"author":[{"embeddable":true,"href":"https:\/\/www.hovawart-vom-wackerbarth.de\/hovawart\/index.php\/wp-json\/wp\/v2\/users\/2"}],"replies":[{"embeddable":true,"href":"https:\/\/www.hovawart-vom-wackerbarth.de\/hovawart\/index.php\/wp-json\/wp\/v2\/comments?post=367"}],"version-history":[{"count":14,"href":"https:\/\/www.hovawart-vom-wackerbarth.de\/hovawart\/index.php\/wp-json\/wp\/v2\/pages\/367\/revisions"}],"predecessor-version":[{"id":1115,"href":"https:\/\/www.hovawart-vom-wackerbarth.de\/hovawart\/index.php\/wp-json\/wp\/v2\/pages\/367\/revisions\/1115"}],"wp:attachment":[{"href":"https:\/\/www.hovawart-vom-wackerbarth.de\/hovawart\/index.php\/wp-json\/wp\/v2\/media?parent=367"}],"curies":[{"name":"wp","href":"https:\/\/api.w.org\/{rel}","templated":true}]}}