{"id":354,"date":"2022-04-02T10:00:13","date_gmt":"2022-04-02T08:00:13","guid":{"rendered":"http:\/\/www.hovawart-vom-wackerbarth.de\/hovawart\/?page_id=354"},"modified":"2025-08-03T20:05:09","modified_gmt":"2025-08-03T18:05:09","slug":"erick","status":"publish","type":"page","link":"https:\/\/www.hovawart-vom-wackerbarth.de\/hovawart\/index.php\/unsere-hunde\/erick\/","title":{"rendered":"Erick"},"content":{"rendered":"<p><img loading=\"lazy\" decoding=\"async\" class=\"rita-lightbox aligncenter\" src=\"http:\/\/www.hovawart-vom-wackerbarth.de\/images\/Erick_3.jpg\" alt=\"\" width=\"400\" height=\"316\" \/><\/p>\n<p style=\"text-align: center;\">Erick von Wackerbarth<\/p>\n<p style=\"text-align: center;\"><a href=\"http:\/\/www.working-dog.eu\/dogs-details\/1040266\/Erick-von-Wackerbarth\" target=\"_blank\" rel=\"noopener noreferrer\">(Details auf working dog)<\/a><\/p>\n<p style=\"text-align: center;\">Wurftag: 18. M\u00e4rz 2013 (Geburtsgewicht: 460g \/ Geburtszeit: 2.35 Uhr)<\/p>\n<p style=\"text-align: center;\">Vater: Ecco vom Tyrolsberg \u00a0 \u00a0 \u00a0 \u00a0Mutter: Christa von Wackerbarth<\/p>\n<p style=\"text-align: center;\">Erick&#8217;s Pr\u00fcfungserfolge:<\/p>\n<p style=\"text-align: center;\">BH, BGH1, IBGH2, FPr1, FPr2, FPr3, FH1, FH2<\/p>\n<p style=\"text-align: center;\">Erick&#8217;s Ausstellungserfolge:<\/p>\n<p style=\"text-align: center;\">sehr gut 4<\/p>\n<p style=\"text-align: center;\">Infos \u00fcber Erick<\/p>\n<p>Zucht\u00fcberpr\u00fcfungen<\/p>\n<table class=\"rita-article\">\n<tbody>\n<tr>\n<td>Datum<\/td>\n<td>Pr\u00fcfung<\/td>\n<td>Richter<\/td>\n<\/tr>\n<tr>\n<td>26. Oktober 2013<\/td>\n<td>Nachzuchtbeurteilung in Dresden, teilgenommen<\/td>\n<td>Brit Wuchert<\/td>\n<\/tr>\n<tr>\n<td>31. August 2014<\/td>\n<td>Jugendbeurteilung in Nossen, bestanden<\/td>\n<td>Sigrid Darting-Entenmann<\/td>\n<\/tr>\n<tr>\n<td>10. September 2016<\/td>\n<td>Zuchttauglichkeitspr\u00fcfung<br \/>\nbestanden<\/td>\n<td>Brit Wuchert \/ Michael Kunze<\/td>\n<\/tr>\n<\/tbody>\n<\/table>\n<p>Gesundheit<\/p>\n<table class=\"rita-article\">\n<tbody>\n<tr>\n<td>HD &#8211; Untersuchung<\/td>\n<td>Augenuntersuchung<\/td>\n<\/tr>\n<tr>\n<td>HD-Frei A1<\/td>\n<td>frei von erblichen Augenerkrankungen<\/td>\n<\/tr>\n<\/tbody>\n<\/table>\n<p><img loading=\"lazy\" decoding=\"async\" class=\"rita-lightbox aligncenter\" src=\"http:\/\/www.hovawart-vom-wackerbarth.de\/images\/erick-2.jpg\" alt=\"\" width=\"384\" height=\"256\" \/><\/p>\n<p style=\"text-align: center;\"><img loading=\"lazy\" decoding=\"async\" class=\"rita-lightbox\" src=\"http:\/\/www.hovawart-vom-wackerbarth.de\/images\/september%202013%20erick%20-%20Kopie.jpg\" alt=\"\" width=\"262\" height=\"240\" \/>2013<\/p>\n<p style=\"text-align: center;\"><img loading=\"lazy\" decoding=\"async\" class=\"rita-lightbox\" src=\"http:\/\/www.hovawart-vom-wackerbarth.de\/images\/jonas_erick_1.jpg\" alt=\"\" width=\"279\" height=\"240\" \/>\u00a0<img loading=\"lazy\" decoding=\"async\" class=\"rita-lightbox\" src=\"http:\/\/www.hovawart-vom-wackerbarth.de\/images\/jonas_erick_2.jpg\" alt=\"\" width=\"271\" height=\"240\" \/>2015<\/p>\n<p style=\"text-align: center;\"><span style=\"color: #00ff00;\">Erick &#8211; der beste (vierbeinige) Freund meines Enkels<\/span><\/p>\n<p><img loading=\"lazy\" decoding=\"async\" class=\"rita-lightbox aligncenter\" src=\"http:\/\/www.hovawart-vom-wackerbarth.de\/images\/IMG_2265%20-%20Kopie.jpg\" alt=\"\" width=\"320\" height=\"217\" \/><\/p>\n","protected":false},"excerpt":{"rendered":"<p>Erick von Wackerbarth (Details auf working dog) Wurftag: 18. M\u00e4rz 2013 (Geburtsgewicht: 460g \/ Geburtszeit: 2.35 Uhr) Vater: Ecco vom Tyrolsberg \u00a0 \u00a0 \u00a0 \u00a0Mutter: Christa von Wackerbarth Erick&#8217;s Pr\u00fcfungserfolge: BH, BGH1, IBGH2, FPr1, FPr2, FPr3, FH1, FH2 Erick&#8217;s Ausstellungserfolge: sehr gut 4 Infos \u00fcber Erick Zucht\u00fcberpr\u00fcfungen Datum Pr\u00fcfung Richter 26. Oktober 2013 Nachzuchtbeurteilung in &hellip; <a href=\"https:\/\/www.hovawart-vom-wackerbarth.de\/hovawart\/index.php\/unsere-hunde\/erick\/\" class=\"more-link\"><span class=\"screen-reader-text\">\u201eErick\u201c<\/span> weiterlesen<\/a><\/p>\n","protected":false},"author":2,"featured_media":0,"parent":249,"menu_order":0,"comment_status":"closed","ping_status":"closed","template":"","meta":{"footnotes":""},"class_list":["post-354","page","type-page","status-publish","hentry"],"_links":{"self":[{"href":"https:\/\/www.hovawart-vom-wackerbarth.de\/hovawart\/index.php\/wp-json\/wp\/v2\/pages\/354","targetHints":{"allow":["GET"]}}],"collection":[{"href":"https:\/\/www.hovawart-vom-wackerbarth.de\/hovawart\/index.php\/wp-json\/wp\/v2\/pages"}],"about":[{"href":"https:\/\/www.hovawart-vom-wackerbarth.de\/hovawart\/index.php\/wp-json\/wp\/v2\/types\/page"}],"author":[{"embeddable":true,"href":"https:\/\/www.hovawart-vom-wackerbarth.de\/hovawart\/index.php\/wp-json\/wp\/v2\/users\/2"}],"replies":[{"embeddable":true,"href":"https:\/\/www.hovawart-vom-wackerbarth.de\/hovawart\/index.php\/wp-json\/wp\/v2\/comments?post=354"}],"version-history":[{"count":3,"href":"https:\/\/www.hovawart-vom-wackerbarth.de\/hovawart\/index.php\/wp-json\/wp\/v2\/pages\/354\/revisions"}],"predecessor-version":[{"id":1403,"href":"https:\/\/www.hovawart-vom-wackerbarth.de\/hovawart\/index.php\/wp-json\/wp\/v2\/pages\/354\/revisions\/1403"}],"up":[{"embeddable":true,"href":"https:\/\/www.hovawart-vom-wackerbarth.de\/hovawart\/index.php\/wp-json\/wp\/v2\/pages\/249"}],"wp:attachment":[{"href":"https:\/\/www.hovawart-vom-wackerbarth.de\/hovawart\/index.php\/wp-json\/wp\/v2\/media?parent=354"}],"curies":[{"name":"wp","href":"https:\/\/api.w.org\/{rel}","templated":true}]}}